{"id":339,"date":"2023-10-06T12:24:36","date_gmt":"2023-10-06T15:24:36","guid":{"rendered":"https:\/\/rentamac.com.br\/?page_id=339"},"modified":"2023-10-06T12:34:15","modified_gmt":"2023-10-06T15:34:15","slug":"sobre","status":"publish","type":"page","link":"https:\/\/rentamac.com.br\/index.php\/sobre\/","title":{"rendered":"Sobre"},"content":{"rendered":"\t\t<div data-elementor-type=\"wp-page\" data-elementor-id=\"339\" class=\"elementor elementor-339\">\n\t\t\t\t\t\t<section class=\"elementor-section elementor-top-section elementor-element elementor-element-749568a elementor-section-boxed elementor-section-height-default elementor-section-height-default\" data-id=\"749568a\" data-element_type=\"section\" data-e-type=\"section\">\n\t\t\t\t\t\t<div class=\"elementor-container elementor-column-gap-default\">\n\t\t\t\t\t<div class=\"elementor-column elementor-col-100 elementor-top-column elementor-element elementor-element-198ddb6\" data-id=\"198ddb6\" data-element_type=\"column\" data-e-type=\"column\">\n\t\t\t<div class=\"elementor-widget-wrap elementor-element-populated\">\n\t\t\t\t\t\t<div class=\"elementor-element elementor-element-45ccae5 elementor-widget elementor-widget-spacer\" data-id=\"45ccae5\" data-element_type=\"widget\" data-e-type=\"widget\" data-widget_type=\"spacer.default\">\n\t\t\t\t<div class=\"elementor-widget-container\">\n\t\t\t\t\t\t\t<div class=\"elementor-spacer\">\n\t\t\t<div class=\"elementor-spacer-inner\"><\/div>\n\t\t<\/div>\n\t\t\t\t\t\t<\/div>\n\t\t\t\t<\/div>\n\t\t\t\t<div class=\"elementor-element elementor-element-8c1607e elementor-widget elementor-widget-heading\" data-id=\"8c1607e\" data-element_type=\"widget\" data-e-type=\"widget\" data-widget_type=\"heading.default\">\n\t\t\t\t<div class=\"elementor-widget-container\">\n\t\t\t\t\t<h2 class=\"elementor-heading-title elementor-size-default\">Nossa <b>Hist\u00f3ria<\/b><\/h2>\t\t\t\t<\/div>\n\t\t\t\t<\/div>\n\t\t\t\t<div class=\"elementor-element elementor-element-0e9e0ba elementor-widget elementor-widget-spacer\" data-id=\"0e9e0ba\" data-element_type=\"widget\" data-e-type=\"widget\" data-widget_type=\"spacer.default\">\n\t\t\t\t<div class=\"elementor-widget-container\">\n\t\t\t\t\t\t\t<div class=\"elementor-spacer\">\n\t\t\t<div class=\"elementor-spacer-inner\"><\/div>\n\t\t<\/div>\n\t\t\t\t\t\t<\/div>\n\t\t\t\t<\/div>\n\t\t\t\t<div class=\"elementor-element elementor-element-20c0f9f elementor-widget elementor-widget-text-editor\" data-id=\"20c0f9f\" data-element_type=\"widget\" data-e-type=\"widget\" data-widget_type=\"text-editor.default\">\n\t\t\t\t<div class=\"elementor-widget-container\">\n\t\t\t\t\t\t\t\t\t<figure id=\"attachment_341\" aria-describedby=\"caption-attachment-341\" style=\"width: 385px\" class=\"wp-caption alignright\"><img fetchpriority=\"high\" decoding=\"async\" class=\" wp-image-341\" src=\"https:\/\/rentamac.com.br\/wp-content\/uploads\/2023\/10\/Nossa-historia-300x225.jpg\" alt=\"\" width=\"385\" height=\"289\" srcset=\"https:\/\/rentamac.com.br\/wp-content\/uploads\/2023\/10\/Nossa-historia-300x225.jpg 300w, https:\/\/rentamac.com.br\/wp-content\/uploads\/2023\/10\/Nossa-historia-768x576.jpg 768w, https:\/\/rentamac.com.br\/wp-content\/uploads\/2023\/10\/Nossa-historia.jpg 800w\" sizes=\"(max-width: 385px) 100vw, 385px\" \/><figcaption id=\"caption-attachment-341\" class=\"wp-caption-text\">foto: Primeiro caminh\u00e3o da empresa<\/figcaption><\/figure><p>Tudo come\u00e7ou em 1996, quando eu e minha esposa vendemos nosso \u00fanico veiculo de passeio e adquirimos o nosso primeiro caminh\u00e3o, um chevrolet, D60 1979. As Obras fora surgindo e veio a necessidade de uma retro escavadeira, comprada em sociedade com meu pai Manoel G. Binhotti.<\/p><p>Eu operava a retroescavadeira e assim fui adquirindo experi\u00eancia e superando dificuldades, foram muitos domingos e feriados trabalhando. Assim nosso crescimento foi constru\u00eddo, com honestidade, dedica\u00e7\u00e3o e muito trabalho.<br \/>Assim nasce a Rentamac<br \/>Como resultado de todo o esfor\u00e7o e empenho empregado, conquistamos a credibilidade e a confian\u00e7a de nossos clientes, e come\u00e7amos a nos destacar por prestar um servi\u00e7o diferenciado de cliente a cliente.<\/p><p>Em 2007, fundamos Rentamac, para atender a demanda de servi\u00e7os para a constru\u00e7\u00e3o civil, naval e Portu\u00e1ria, em fun\u00e7\u00e3o do aquecimento do mercado na nossa regi\u00e3o. Isso contribuiu para a expans\u00e3o e aquisi\u00e7\u00e3o de novos equipamentos.<\/p><p>Hoje contamos com uma frota de diversos ve\u00edculos e equipamentos, proporcionando assim aos nossos clientes a facilidade de contratar apenas uma empresa para realizar as diversas etapas de sua obra.<\/p>\t\t\t\t\t\t\t\t<\/div>\n\t\t\t\t<\/div>\n\t\t\t\t<div class=\"elementor-element elementor-element-acfff79 elementor-widget elementor-widget-spacer\" data-id=\"acfff79\" data-element_type=\"widget\" data-e-type=\"widget\" data-widget_type=\"spacer.default\">\n\t\t\t\t<div class=\"elementor-widget-container\">\n\t\t\t\t\t\t\t<div class=\"elementor-spacer\">\n\t\t\t<div class=\"elementor-spacer-inner\"><\/div>\n\t\t<\/div>\n\t\t\t\t\t\t<\/div>\n\t\t\t\t<\/div>\n\t\t\t\t\t<\/div>\n\t\t<\/div>\n\t\t\t\t\t<\/div>\n\t\t<\/section>\n\t\t\t\t<\/div>\n\t\t","protected":false},"excerpt":{"rendered":"<p>Nossa Hist\u00f3ria Tudo come\u00e7ou em 1996, quando eu e minha esposa vendemos nosso \u00fanico veiculo de passeio e adquirimos o nosso primeiro caminh\u00e3o, um chevrolet, D60 1979. As Obras fora surgindo e veio a necessidade de uma retro escavadeira, comprada em sociedade com meu pai Manoel G. Binhotti. Eu operava a retroescavadeira e assim fui [&hellip;]<\/p>\n","protected":false},"author":1,"featured_media":0,"parent":0,"menu_order":0,"comment_status":"closed","ping_status":"closed","template":"","meta":{"_joinchat":[],"footnotes":""},"class_list":["post-339","page","type-page","status-publish","hentry"],"yoast_head":"<!-- This site is optimized with the Yoast SEO plugin v27.1.1 - https:\/\/yoast.com\/product\/yoast-seo-wordpress\/ -->\n<title>Sobre - Rentamac<\/title>\n<meta name=\"robots\" content=\"index, follow, max-snippet:-1, max-image-preview:large, max-video-preview:-1\" \/>\n<link rel=\"canonical\" href=\"https:\/\/rentamac.com.br\/index.php\/sobre\/\" \/>\n<meta property=\"og:locale\" content=\"pt_BR\" \/>\n<meta property=\"og:type\" content=\"article\" \/>\n<meta property=\"og:title\" content=\"Sobre - Rentamac\" \/>\n<meta property=\"og:description\" content=\"Nossa Hist\u00f3ria Tudo come\u00e7ou em 1996, quando eu e minha esposa vendemos nosso \u00fanico veiculo de passeio e adquirimos o nosso primeiro caminh\u00e3o, um chevrolet, D60 1979. As Obras fora surgindo e veio a necessidade de uma retro escavadeira, comprada em sociedade com meu pai Manoel G. Binhotti. Eu operava a retroescavadeira e assim fui [&hellip;]\" \/>\n<meta property=\"og:url\" content=\"https:\/\/rentamac.com.br\/index.php\/sobre\/\" \/>\n<meta property=\"og:site_name\" content=\"Rentamac\" \/>\n<meta property=\"article:publisher\" content=\"https:\/\/www.facebook.com\/rentamaclocacao\/?locale=pt_BR\" \/>\n<meta property=\"article:modified_time\" content=\"2023-10-06T15:34:15+00:00\" \/>\n<meta property=\"og:image\" content=\"https:\/\/rentamac.com.br\/wp-content\/uploads\/2023\/10\/Nossa-historia-300x225.jpg\" \/>\n<meta name=\"twitter:card\" content=\"summary_large_image\" \/>\n<meta name=\"twitter:label1\" content=\"Est. tempo de leitura\" \/>\n\t<meta name=\"twitter:data1\" content=\"2 minutos\" \/>\n<script type=\"application\/ld+json\" class=\"yoast-schema-graph\">{\"@context\":\"https:\/\/schema.org\",\"@graph\":[{\"@type\":\"WebPage\",\"@id\":\"https:\/\/rentamac.com.br\/index.php\/sobre\/\",\"url\":\"https:\/\/rentamac.com.br\/index.php\/sobre\/\",\"name\":\"Sobre - Rentamac\",\"isPartOf\":{\"@id\":\"https:\/\/rentamac.com.br\/#website\"},\"primaryImageOfPage\":{\"@id\":\"https:\/\/rentamac.com.br\/index.php\/sobre\/#primaryimage\"},\"image\":{\"@id\":\"https:\/\/rentamac.com.br\/index.php\/sobre\/#primaryimage\"},\"thumbnailUrl\":\"https:\/\/rentamac.com.br\/wp-content\/uploads\/2023\/10\/Nossa-historia-300x225.jpg\",\"datePublished\":\"2023-10-06T15:24:36+00:00\",\"dateModified\":\"2023-10-06T15:34:15+00:00\",\"breadcrumb\":{\"@id\":\"https:\/\/rentamac.com.br\/index.php\/sobre\/#breadcrumb\"},\"inLanguage\":\"pt-BR\",\"potentialAction\":[{\"@type\":\"ReadAction\",\"target\":[\"https:\/\/rentamac.com.br\/index.php\/sobre\/\"]}]},{\"@type\":\"ImageObject\",\"inLanguage\":\"pt-BR\",\"@id\":\"https:\/\/rentamac.com.br\/index.php\/sobre\/#primaryimage\",\"url\":\"https:\/\/rentamac.com.br\/wp-content\/uploads\/2023\/10\/Nossa-historia.jpg\",\"contentUrl\":\"https:\/\/rentamac.com.br\/wp-content\/uploads\/2023\/10\/Nossa-historia.jpg\",\"width\":800,\"height\":600,\"caption\":\"foto: Primeiro caminh\u00e3o da empresa\"},{\"@type\":\"BreadcrumbList\",\"@id\":\"https:\/\/rentamac.com.br\/index.php\/sobre\/#breadcrumb\",\"itemListElement\":[{\"@type\":\"ListItem\",\"position\":1,\"name\":\"In\u00edcio\",\"item\":\"https:\/\/rentamac.com.br\/\"},{\"@type\":\"ListItem\",\"position\":2,\"name\":\"Sobre\"}]},{\"@type\":\"WebSite\",\"@id\":\"https:\/\/rentamac.com.br\/#website\",\"url\":\"https:\/\/rentamac.com.br\/\",\"name\":\"Rentamac \u2013 Servi\u00e7os e Loca\u00e7\u00e3o de Equipamentos\",\"description\":\"Servi\u00e7os e Loca\u00e7\u00e3o de Equipamentos | Penha - SC\",\"publisher\":{\"@id\":\"https:\/\/rentamac.com.br\/#organization\"},\"potentialAction\":[{\"@type\":\"SearchAction\",\"target\":{\"@type\":\"EntryPoint\",\"urlTemplate\":\"https:\/\/rentamac.com.br\/?s={search_term_string}\"},\"query-input\":{\"@type\":\"PropertyValueSpecification\",\"valueRequired\":true,\"valueName\":\"search_term_string\"}}],\"inLanguage\":\"pt-BR\"},{\"@type\":\"Organization\",\"@id\":\"https:\/\/rentamac.com.br\/#organization\",\"name\":\"Rentamac \u2013 Servi\u00e7os e Loca\u00e7\u00e3o de Equipamentos\",\"url\":\"https:\/\/rentamac.com.br\/\",\"logo\":{\"@type\":\"ImageObject\",\"inLanguage\":\"pt-BR\",\"@id\":\"https:\/\/rentamac.com.br\/#\/schema\/logo\/image\/\",\"url\":\"https:\/\/rentamac.com.br\/wp-content\/uploads\/2023\/09\/company_logo_GD.png\",\"contentUrl\":\"https:\/\/rentamac.com.br\/wp-content\/uploads\/2023\/09\/company_logo_GD.png\",\"width\":1833,\"height\":432,\"caption\":\"Rentamac \u2013 Servi\u00e7os e Loca\u00e7\u00e3o de Equipamentos\"},\"image\":{\"@id\":\"https:\/\/rentamac.com.br\/#\/schema\/logo\/image\/\"},\"sameAs\":[\"https:\/\/www.facebook.com\/rentamaclocacao\/?locale=pt_BR\"]}]}<\/script>\n<!-- \/ Yoast SEO plugin. -->","yoast_head_json":{"title":"Sobre - Rentamac","robots":{"index":"index","follow":"follow","max-snippet":"max-snippet:-1","max-image-preview":"max-image-preview:large","max-video-preview":"max-video-preview:-1"},"canonical":"https:\/\/rentamac.com.br\/index.php\/sobre\/","og_locale":"pt_BR","og_type":"article","og_title":"Sobre - Rentamac","og_description":"Nossa Hist\u00f3ria Tudo come\u00e7ou em 1996, quando eu e minha esposa vendemos nosso \u00fanico veiculo de passeio e adquirimos o nosso primeiro caminh\u00e3o, um chevrolet, D60 1979. As Obras fora surgindo e veio a necessidade de uma retro escavadeira, comprada em sociedade com meu pai Manoel G. Binhotti. Eu operava a retroescavadeira e assim fui [&hellip;]","og_url":"https:\/\/rentamac.com.br\/index.php\/sobre\/","og_site_name":"Rentamac","article_publisher":"https:\/\/www.facebook.com\/rentamaclocacao\/?locale=pt_BR","article_modified_time":"2023-10-06T15:34:15+00:00","og_image":[{"url":"https:\/\/rentamac.com.br\/wp-content\/uploads\/2023\/10\/Nossa-historia-300x225.jpg","type":"","width":"","height":""}],"twitter_card":"summary_large_image","twitter_misc":{"Est. tempo de leitura":"2 minutos"},"schema":{"@context":"https:\/\/schema.org","@graph":[{"@type":"WebPage","@id":"https:\/\/rentamac.com.br\/index.php\/sobre\/","url":"https:\/\/rentamac.com.br\/index.php\/sobre\/","name":"Sobre - Rentamac","isPartOf":{"@id":"https:\/\/rentamac.com.br\/#website"},"primaryImageOfPage":{"@id":"https:\/\/rentamac.com.br\/index.php\/sobre\/#primaryimage"},"image":{"@id":"https:\/\/rentamac.com.br\/index.php\/sobre\/#primaryimage"},"thumbnailUrl":"https:\/\/rentamac.com.br\/wp-content\/uploads\/2023\/10\/Nossa-historia-300x225.jpg","datePublished":"2023-10-06T15:24:36+00:00","dateModified":"2023-10-06T15:34:15+00:00","breadcrumb":{"@id":"https:\/\/rentamac.com.br\/index.php\/sobre\/#breadcrumb"},"inLanguage":"pt-BR","potentialAction":[{"@type":"ReadAction","target":["https:\/\/rentamac.com.br\/index.php\/sobre\/"]}]},{"@type":"ImageObject","inLanguage":"pt-BR","@id":"https:\/\/rentamac.com.br\/index.php\/sobre\/#primaryimage","url":"https:\/\/rentamac.com.br\/wp-content\/uploads\/2023\/10\/Nossa-historia.jpg","contentUrl":"https:\/\/rentamac.com.br\/wp-content\/uploads\/2023\/10\/Nossa-historia.jpg","width":800,"height":600,"caption":"foto: Primeiro caminh\u00e3o da empresa"},{"@type":"BreadcrumbList","@id":"https:\/\/rentamac.com.br\/index.php\/sobre\/#breadcrumb","itemListElement":[{"@type":"ListItem","position":1,"name":"In\u00edcio","item":"https:\/\/rentamac.com.br\/"},{"@type":"ListItem","position":2,"name":"Sobre"}]},{"@type":"WebSite","@id":"https:\/\/rentamac.com.br\/#website","url":"https:\/\/rentamac.com.br\/","name":"Rentamac \u2013 Servi\u00e7os e Loca\u00e7\u00e3o de Equipamentos","description":"Servi\u00e7os e Loca\u00e7\u00e3o de Equipamentos | Penha - SC","publisher":{"@id":"https:\/\/rentamac.com.br\/#organization"},"potentialAction":[{"@type":"SearchAction","target":{"@type":"EntryPoint","urlTemplate":"https:\/\/rentamac.com.br\/?s={search_term_string}"},"query-input":{"@type":"PropertyValueSpecification","valueRequired":true,"valueName":"search_term_string"}}],"inLanguage":"pt-BR"},{"@type":"Organization","@id":"https:\/\/rentamac.com.br\/#organization","name":"Rentamac \u2013 Servi\u00e7os e Loca\u00e7\u00e3o de Equipamentos","url":"https:\/\/rentamac.com.br\/","logo":{"@type":"ImageObject","inLanguage":"pt-BR","@id":"https:\/\/rentamac.com.br\/#\/schema\/logo\/image\/","url":"https:\/\/rentamac.com.br\/wp-content\/uploads\/2023\/09\/company_logo_GD.png","contentUrl":"https:\/\/rentamac.com.br\/wp-content\/uploads\/2023\/09\/company_logo_GD.png","width":1833,"height":432,"caption":"Rentamac \u2013 Servi\u00e7os e Loca\u00e7\u00e3o de Equipamentos"},"image":{"@id":"https:\/\/rentamac.com.br\/#\/schema\/logo\/image\/"},"sameAs":["https:\/\/www.facebook.com\/rentamaclocacao\/?locale=pt_BR"]}]}},"_links":{"self":[{"href":"https:\/\/rentamac.com.br\/index.php\/wp-json\/wp\/v2\/pages\/339","targetHints":{"allow":["GET"]}}],"collection":[{"href":"https:\/\/rentamac.com.br\/index.php\/wp-json\/wp\/v2\/pages"}],"about":[{"href":"https:\/\/rentamac.com.br\/index.php\/wp-json\/wp\/v2\/types\/page"}],"author":[{"embeddable":true,"href":"https:\/\/rentamac.com.br\/index.php\/wp-json\/wp\/v2\/users\/1"}],"replies":[{"embeddable":true,"href":"https:\/\/rentamac.com.br\/index.php\/wp-json\/wp\/v2\/comments?post=339"}],"version-history":[{"count":13,"href":"https:\/\/rentamac.com.br\/index.php\/wp-json\/wp\/v2\/pages\/339\/revisions"}],"predecessor-version":[{"id":362,"href":"https:\/\/rentamac.com.br\/index.php\/wp-json\/wp\/v2\/pages\/339\/revisions\/362"}],"wp:attachment":[{"href":"https:\/\/rentamac.com.br\/index.php\/wp-json\/wp\/v2\/media?parent=339"}],"curies":[{"name":"wp","href":"https:\/\/api.w.org\/{rel}","templated":true}]}}